{"id":2210,"date":"2020-10-09T09:40:07","date_gmt":"2020-10-09T07:40:07","guid":{"rendered":"https:\/\/zanzimare.casa\/?page_id=2210"},"modified":"2020-11-30T16:14:26","modified_gmt":"2020-11-30T15:14:26","slug":"mentions-legales","status":"publish","type":"page","link":"https:\/\/zanzimare.com\/?page_id=2210","title":{"rendered":"Mentions l\u00e9gales"},"content":{"rendered":"<h1>MENTIONS LEGALES<\/h1>\n<p>Raison sociale et forme juridique :<\/p>\n<h2 data-fontsize=\"32\" data-lineheight=\"41\">SARL ZANZIMARE.CASA<\/h2>\n<p>Si\u00e8ge social : Hameau de st Jean de Pisciatello 20117 Eccica Suarella<br \/>\nCapital : 1000 \u20ac<br \/>\n@mail et t\u00e9l\u00e9phone : <a href=\"mailto:contact@zanzimare.casa\">contact@zanzimare.casa<\/a> \/07.80.99.44.44<br \/>\nRCS : 842.098.709.00012 RCS Ajaccio<br \/>\nTVA intracommunautaire : FR 88 842.098.709<br \/>\nG\u00e9rante : ANTONA ARMELLINI Corine<\/p>\n<p>&nbsp;<\/p>\n<h2 data-fontsize=\"32\" data-lineheight=\"41\">H\u00c9BERGEUR<\/h2>\n<h3 data-fontsize=\"20\" data-lineheight=\"29\">GANDI SAS<\/h3>\n<p>Soci\u00e9t\u00e9 par Actions Simplifi\u00e9e au capital de 300.000\u20ac ayant son si\u00e8ge social au 63-65 boulevard Massena \u00e0 Paris (75013) FRANCE,<br \/>\nimmatricul\u00e9e sous le num\u00e9ro 423 093 459 RCS PARIS<br \/>\nN\u00b0 TVA FR81423093459<br \/>\nT\u00e9l\u00e9phone : +33.(0) 1 70.37.76.61<br \/>\nT\u00e9l\u00e9copie +33.(0) 1 43 73 18 51<\/p>\n","protected":false},"excerpt":{"rendered":"<p>MENTIONS LEGALES Raison sociale et forme juridique : SARL ZANZIMARE.CASA Si\u00e8ge social : Hameau de st Jean de Pisciatello 20117 Eccica Suarella Capital : 1000 \u20ac @mail et t\u00e9l\u00e9phone : contact@zanzimare.casa \/07.80.99.44.44 RCS : 842.098.709.00012 RCS Ajaccio TVA intracommunautaire :  [&#8230;]<\/p>\n","protected":false},"author":1,"featured_media":0,"parent":1593,"menu_order":2,"comment_status":"closed","ping_status":"closed","template":"","meta":{"footnotes":""},"class_list":["post-2210","page","type-page","status-publish","hentry"],"_links":{"self":[{"href":"https:\/\/zanzimare.com\/index.php?rest_route=\/wp\/v2\/pages\/2210","targetHints":{"allow":["GET"]}}],"collection":[{"href":"https:\/\/zanzimare.com\/index.php?rest_route=\/wp\/v2\/pages"}],"about":[{"href":"https:\/\/zanzimare.com\/index.php?rest_route=\/wp\/v2\/types\/page"}],"author":[{"embeddable":true,"href":"https:\/\/zanzimare.com\/index.php?rest_route=\/wp\/v2\/users\/1"}],"replies":[{"embeddable":true,"href":"https:\/\/zanzimare.com\/index.php?rest_route=%2Fwp%2Fv2%2Fcomments&post=2210"}],"version-history":[{"count":4,"href":"https:\/\/zanzimare.com\/index.php?rest_route=\/wp\/v2\/pages\/2210\/revisions"}],"predecessor-version":[{"id":3430,"href":"https:\/\/zanzimare.com\/index.php?rest_route=\/wp\/v2\/pages\/2210\/revisions\/3430"}],"up":[{"embeddable":true,"href":"https:\/\/zanzimare.com\/index.php?rest_route=\/wp\/v2\/pages\/1593"}],"wp:attachment":[{"href":"https:\/\/zanzimare.com\/index.php?rest_route=%2Fwp%2Fv2%2Fmedia&parent=2210"}],"curies":[{"name":"wp","href":"https:\/\/api.w.org\/{rel}","templated":true}]}}